{"id":992,"date":"2021-10-12T19:40:05","date_gmt":"2021-10-13T00:40:05","guid":{"rendered":"https:\/\/aquienguanajuato.com\/?page_id=992"},"modified":"2021-10-12T19:47:58","modified_gmt":"2021-10-13T00:47:58","slug":"listo-el-festival-de-muertos-en-guanajuato","status":"publish","type":"page","link":"https:\/\/aquienguanajuato.com\/?page_id=992","title":{"rendered":"Listo el 3er. Festival del D\u00eda de Muertos en Guanajuato"},"content":{"rendered":"<p>Estamos a menos de un mes de vivir una de las <strong>tradiciones m\u00e1s especiales y que nos distinguen como mexicanos en todo el mundo&#8230;<\/strong>\u00bfya le atinaron?\u00a0 Exacto, el hermoso D\u00eda de Muertos y Guanajuato no se quedar\u00e1 atr\u00e1s con la magnifica celebraci\u00f3n que est\u00e1 preparando.<\/p>\n<p>&nbsp;<\/p>\n<p>Hoy por la ma\u00f1ana se <strong>present\u00f3 la tercera edici\u00f3n del Festival del D\u00eda de Muertos<\/strong> por parte de la Direcci\u00f3n de Turismo de la ciudad y que por primera vez tendr\u00e1 una duraci\u00f3n de siete d\u00edas; <strong>del 01 al 07 de noviembre<\/strong> podremos disfrutar de la Callejoneada Macrabra, el tapete de la muerte a lo largo de la calle de Sope\u00f1a, el T\u00fanel de Tradici\u00f3n donde se colocar\u00e1n artesanos de todo el estado de Guanajuato adem\u00e1s de un escenario para eventos musicales y el Desfile de Calaveras que partir\u00e1 de la zona de Pastitos hacia el Centro Hist\u00f3rico.<\/p>\n<p>&nbsp;<\/p>\n<p><img fetchpriority=\"high\" decoding=\"async\" class=\"wp-image-1002 alignleft\" src=\"https:\/\/i0.wp.com\/aquienguanajuato.com\/wp-content\/uploads\/2021\/10\/presentacion-festival-de-muertos-Gto.jpg?resize=419%2C314&#038;ssl=1\" alt=\"\" width=\"419\" height=\"314\" srcset=\"https:\/\/i0.wp.com\/aquienguanajuato.com\/wp-content\/uploads\/2021\/10\/presentacion-festival-de-muertos-Gto.jpg?resize=800%2C600&amp;ssl=1 800w, https:\/\/i0.wp.com\/aquienguanajuato.com\/wp-content\/uploads\/2021\/10\/presentacion-festival-de-muertos-Gto.jpg?resize=768%2C576&amp;ssl=1 768w, https:\/\/i0.wp.com\/aquienguanajuato.com\/wp-content\/uploads\/2021\/10\/presentacion-festival-de-muertos-Gto.jpg?resize=333%2C250&amp;ssl=1 333w, https:\/\/i0.wp.com\/aquienguanajuato.com\/wp-content\/uploads\/2021\/10\/presentacion-festival-de-muertos-Gto.jpg?w=960&amp;ssl=1 960w\" sizes=\"(max-width: 419px) 100vw, 419px\" data-recalc-dims=\"1\" \/><\/p>\n<p>A partir del 2018 se arranc\u00f3 con esta celebraci\u00f3n y se tuvo que cancelar para el 2020 por pandemia ahora se retoma con mayor fuerza y a estas actividades se suma tambi\u00e9n la avenida Paseo de la Presa donde se colocaran ofrendas y adem\u00e1s habr\u00e1<strong> trajineras de Xochimilco avivando la zona de la Presa de la Olla.<\/strong>\u00a0Adem\u00e1s el Pante\u00f3n Santa Paula ser\u00e1 sede de algunas otras celebraciones.<\/p>\n<p>&nbsp;<\/p>\n<p>La presentaci\u00f3n, que se llev\u00f3 a cabo en el Pante\u00f3n Santa Paula cont\u00f3 con la presencia de Alejandro Navarro, Presidente Municipal de Guanajuato; Javier P\u00e9rez Ordaz, residente del Consejo Tur\u00edstico; Cony Vallejo, representante de la Secretaria de Turismo del Estado; Liliana Preciado,\u00a0 presidenta de la Comisi\u00f3n de Turismo Municipal y Daniel Guti\u00e9rrez Meave, director de Turismo Municipal.<\/p>\n<p>&nbsp;<\/p>\n<p>Est\u00e1 pendiente de nuestras redes porque muy pronto te daremos el d\u00eda a d\u00eda del programa oficial para que vayas haciendo tu agenda y <strong>\u00a1pidas tu calaverita!<\/strong><\/p>\n<p><img decoding=\"async\" class=\"aligncenter size-medium wp-image-996\" src=\"https:\/\/i0.wp.com\/aquienguanajuato.com\/wp-content\/uploads\/2021\/10\/IMG-20200904-WA0065.jpg?resize=800%2C601&#038;ssl=1\" alt=\"\" width=\"800\" height=\"601\" srcset=\"https:\/\/i0.wp.com\/aquienguanajuato.com\/wp-content\/uploads\/2021\/10\/IMG-20200904-WA0065.jpg?resize=800%2C601&amp;ssl=1 800w, https:\/\/i0.wp.com\/aquienguanajuato.com\/wp-content\/uploads\/2021\/10\/IMG-20200904-WA0065.jpg?resize=1024%2C769&amp;ssl=1 1024w, https:\/\/i0.wp.com\/aquienguanajuato.com\/wp-content\/uploads\/2021\/10\/IMG-20200904-WA0065.jpg?resize=768%2C577&amp;ssl=1 768w, https:\/\/i0.wp.com\/aquienguanajuato.com\/wp-content\/uploads\/2021\/10\/IMG-20200904-WA0065.jpg?resize=333%2C250&amp;ssl=1 333w, https:\/\/i0.wp.com\/aquienguanajuato.com\/wp-content\/uploads\/2021\/10\/IMG-20200904-WA0065.jpg?w=1156&amp;ssl=1 1156w\" sizes=\"(max-width: 800px) 100vw, 800px\" data-recalc-dims=\"1\" \/><\/p>\n<p>&nbsp;<\/p>\n","protected":false},"excerpt":{"rendered":"<p> &hellip;<\/p>\n","protected":false},"author":3,"featured_media":993,"parent":0,"menu_order":0,"comment_status":"closed","ping_status":"closed","template":"","meta":{"footnotes":""},"class_list":["post-992","page","type-page","status-publish","has-post-thumbnail","hentry"],"jetpack_sharing_enabled":true,"jetpack-related-posts":[],"_links":{"self":[{"href":"https:\/\/aquienguanajuato.com\/index.php?rest_route=\/wp\/v2\/pages\/992","targetHints":{"allow":["GET"]}}],"collection":[{"href":"https:\/\/aquienguanajuato.com\/index.php?rest_route=\/wp\/v2\/pages"}],"about":[{"href":"https:\/\/aquienguanajuato.com\/index.php?rest_route=\/wp\/v2\/types\/page"}],"author":[{"embeddable":true,"href":"https:\/\/aquienguanajuato.com\/index.php?rest_route=\/wp\/v2\/users\/3"}],"replies":[{"embeddable":true,"href":"https:\/\/aquienguanajuato.com\/index.php?rest_route=%2Fwp%2Fv2%2Fcomments&post=992"}],"version-history":[{"count":5,"href":"https:\/\/aquienguanajuato.com\/index.php?rest_route=\/wp\/v2\/pages\/992\/revisions"}],"predecessor-version":[{"id":1000,"href":"https:\/\/aquienguanajuato.com\/index.php?rest_route=\/wp\/v2\/pages\/992\/revisions\/1000"}],"wp:featuredmedia":[{"embeddable":true,"href":"https:\/\/aquienguanajuato.com\/index.php?rest_route=\/wp\/v2\/media\/993"}],"wp:attachment":[{"href":"https:\/\/aquienguanajuato.com\/index.php?rest_route=%2Fwp%2Fv2%2Fmedia&parent=992"}],"curies":[{"name":"wp","href":"https:\/\/api.w.org\/{rel}","templated":true}]}}